{"id":412,"date":"2024-07-02T12:26:37","date_gmt":"2024-07-02T10:26:37","guid":{"rendered":"https:\/\/dev.agence-novo.com\/pradal\/?post_type=product&#038;p=412"},"modified":"2024-11-13T15:00:51","modified_gmt":"2024-11-13T14:00:51","slug":"domaine-de-la-massole","status":"publish","type":"product","link":"https:\/\/dev.agence-novo.com\/pradal\/produit\/domaine-de-la-massole\/","title":{"rendered":"Domaine de la Massole Ros\u00e9"},"content":{"rendered":"<p>Domaine de la Massole Ros\u00e9 (mettre un picto coup de c\u0153ur pour mise en avant de notre cuv\u00e9e signature)<\/p>\n","protected":false},"excerpt":{"rendered":"<p>Domaine de la Massole Ros\u00e9 (mettre un picto coup de c\u0153ur pour mise en avant de notre cuv\u00e9e signature)<\/p>\n","protected":false},"featured_media":748,"template":"","meta":{"_acf_changed":false,"rank_math_lock_modified_date":false},"product_cat":[20,24],"product_tag":[],"class_list":{"0":"post-412","1":"product","2":"type-product","3":"status-publish","4":"has-post-thumbnail","6":"product_cat-les-vins","7":"product_cat-rose","9":"first","10":"outofstock","11":"taxable","12":"shipping-taxable","13":"purchasable","14":"product-type-simple"},"acf":[],"_links":{"self":[{"href":"https:\/\/dev.agence-novo.com\/pradal\/wp-json\/wp\/v2\/product\/412","targetHints":{"allow":["GET"]}}],"collection":[{"href":"https:\/\/dev.agence-novo.com\/pradal\/wp-json\/wp\/v2\/product"}],"about":[{"href":"https:\/\/dev.agence-novo.com\/pradal\/wp-json\/wp\/v2\/types\/product"}],"wp:featuredmedia":[{"embeddable":true,"href":"https:\/\/dev.agence-novo.com\/pradal\/wp-json\/wp\/v2\/media\/748"}],"wp:attachment":[{"href":"https:\/\/dev.agence-novo.com\/pradal\/wp-json\/wp\/v2\/media?parent=412"}],"wp:term":[{"taxonomy":"product_cat","embeddable":true,"href":"https:\/\/dev.agence-novo.com\/pradal\/wp-json\/wp\/v2\/product_cat?post=412"},{"taxonomy":"product_tag","embeddable":true,"href":"https:\/\/dev.agence-novo.com\/pradal\/wp-json\/wp\/v2\/product_tag?post=412"}],"curies":[{"name":"wp","href":"https:\/\/api.w.org\/{rel}","templated":true}]}}